{"id":50,"date":"2018-11-17T12:46:54","date_gmt":"2018-11-17T12:46:54","guid":{"rendered":"http:\/\/www.sanfurd.nl\/?page_id=50"},"modified":"2026-02-23T11:44:24","modified_gmt":"2026-02-23T10:44:24","slug":"word-donateur","status":"publish","type":"page","link":"https:\/\/www.sanfurd.nl\/index.php\/over-ons\/word-donateur\/","title":{"rendered":"Word donateur!"},"content":{"rendered":"<p><strong>Komt u er ook bij als stiper van Stichting S\u00e2nfurd?<\/strong><\/p>\n<p>Vindt u het ook belangrijk dat mooie plekken als S\u00e2nfurd bewaard blijven voor de toekomstige generatie? <a href=\"http:\/\/www.sanfurd.nl\/index.php\/over-ons\/\">Stichting S\u00e2nfurd<\/a> kan er alleen met steun van particulieren en bedrijven voor zorgen dat het kerkje, &#8216;it Leechhiem&#8217; en een tweetal woningen onderhouden worden.<\/p>\n<p>Voor slechts een klein bedrag per jaar bent u &#8216;stiper&#8217;. U krijgt dan ieder voorjaar als eerste per post het nieuwe programmaboekje toegestuurd en bent uitgenodigd voor onze jaarlijkse stipers-bijeenkomst.<\/p>\n<p><em>Word ook lid van de S\u00e2nfurd familie en blijf in verbinding met deze mooie plek!<\/em><\/p>\n<p><span style=\"color: #ff0000;\"><em><strong>-&gt; Stuur een email naar <a style=\"color: #ff0000;\" href=\"mailto:groenveldf@hotmail.com\" target=\"_blank\" rel=\"noopener\">groenveldf@hotmail.com<\/a> met uw adresgegevens om u aan te melden als nieuwe donateur. Of stop een briefje in de brievenbus van de koster op S\u00e2nfurd, nummer 6.&nbsp;<\/strong><\/em><\/span><\/p>\n<p><strong>Eenmalige donatie<\/strong><\/p>\n<p>Draagt u S\u00e2nfurd een warm hart toe, maar&nbsp;kiest u liever voor een eenmalige donatie? Scan dan onderstaande QR code met uw telefoon om eenvoudig een bedrag naar keuze te schenken:<\/p>\n<p><img loading=\"lazy\" decoding=\"async\" class=\"alignnone size-full wp-image-1495\" src=\"https:\/\/www.sanfurd.nl\/wp-content\/uploads\/2026\/02\/Qr-code-Stichting-Sanfurd-2026.png\" alt=\"\" width=\"345\" height=\"303\" srcset=\"https:\/\/www.sanfurd.nl\/wp-content\/uploads\/2026\/02\/Qr-code-Stichting-Sanfurd-2026.png 345w, https:\/\/www.sanfurd.nl\/wp-content\/uploads\/2026\/02\/Qr-code-Stichting-Sanfurd-2026-300x263.png 300w\" sizes=\"auto, (max-width: 345px) 100vw, 345px\" \/><\/p>\n","protected":false},"excerpt":{"rendered":"<p>Komt u er ook bij als stiper van Stichting S\u00e2nfurd? Vindt u het ook belangrijk dat mooie plekken als S\u00e2nfurd bewaard blijven voor de toekomstige generatie? Stichting S\u00e2nfurd kan er alleen met steun van particulieren en bedrijven voor zorgen dat het kerkje, &#8216;it Leechhiem&#8217; en een tweetal woningen onderhouden worden. Voor slechts een klein bedrag &hellip; <\/p>\n<p class=\"link-more\"><a href=\"https:\/\/www.sanfurd.nl\/index.php\/over-ons\/word-donateur\/\" class=\"more-link\">Lees verder <span class=\"screen-reader-text\">&#8220;Word donateur!&#8221;<\/span><\/a><\/p>\n","protected":false},"author":1,"featured_media":0,"parent":8,"menu_order":0,"comment_status":"closed","ping_status":"closed","template":"","meta":{"ngg_post_thumbnail":0,"footnotes":""},"class_list":["post-50","page","type-page","status-publish","hentry"],"_links":{"self":[{"href":"https:\/\/www.sanfurd.nl\/index.php\/wp-json\/wp\/v2\/pages\/50","targetHints":{"allow":["GET"]}}],"collection":[{"href":"https:\/\/www.sanfurd.nl\/index.php\/wp-json\/wp\/v2\/pages"}],"about":[{"href":"https:\/\/www.sanfurd.nl\/index.php\/wp-json\/wp\/v2\/types\/page"}],"author":[{"embeddable":true,"href":"https:\/\/www.sanfurd.nl\/index.php\/wp-json\/wp\/v2\/users\/1"}],"replies":[{"embeddable":true,"href":"https:\/\/www.sanfurd.nl\/index.php\/wp-json\/wp\/v2\/comments?post=50"}],"version-history":[{"count":18,"href":"https:\/\/www.sanfurd.nl\/index.php\/wp-json\/wp\/v2\/pages\/50\/revisions"}],"predecessor-version":[{"id":1499,"href":"https:\/\/www.sanfurd.nl\/index.php\/wp-json\/wp\/v2\/pages\/50\/revisions\/1499"}],"up":[{"embeddable":true,"href":"https:\/\/www.sanfurd.nl\/index.php\/wp-json\/wp\/v2\/pages\/8"}],"wp:attachment":[{"href":"https:\/\/www.sanfurd.nl\/index.php\/wp-json\/wp\/v2\/media?parent=50"}],"curies":[{"name":"wp","href":"https:\/\/api.w.org\/{rel}","templated":true}]}}